{"id":65,"date":"2020-10-30T13:27:21","date_gmt":"2020-10-30T13:27:21","guid":{"rendered":"https:\/\/em-pfeiffer.de\/home\/?page_id=65"},"modified":"2022-08-11T08:02:32","modified_gmt":"2022-08-11T08:02:32","slug":"impressum","status":"publish","type":"page","link":"https:\/\/em-pfeiffer.de\/home\/impressum","title":{"rendered":"Impressum"},"content":{"rendered":"<p><a href=\"https:\/\/em-pfeiffer.de\" data-id-d=\"2\" data-img-style=\"\"><img loading=\"lazy\" src=\"https:\/\/em-pfeiffer.de\/wp-content\/uploads\/2020\/10\/Bildschirmfoto-2020-09-25-um-08.40.37-3.png\" height=\"461\" width=\"871\" alt=\"\" style=\"\"><\/img><\/a><\/p>\n<p style=\"text-align: right;\"><a href=\"https:\/\/em-pfeiffer.de\/home\/\" style=\"outline: none;\">Home<\/a> | <a href=\"https:\/\/em-pfeiffer.de\/home\/angebote\" style=\"outline: none;\">Immowelt-Angebote<\/a> | <a href=\"https:\/\/em-pfeiffer.de\/home\/em-pfeiffer-angebote\" style=\"outline: none;\">Angebote<\/a> | <a href=\"https:\/\/em-pfeiffer.de\/home\/datenschutz\" style=\"outline: none;\">Datenschutz<\/a> | <a href=\"https:\/\/em-pfeiffer.de\/home\/impressum\" style=\"outline: currentcolor none medium;\">Impressum<\/a>\u200b <a href=\"\" style=\"outline: currentcolor none medium;\" data-custom-shortcode=\"\"><\/a><\/p>\n<p><a style=\"color:#fff; font-size: 13px; float:right;\" href=\"#\">Cookie-Einstellung<\/a><\/p>\n<p style=\"\">Impressum<\/p>\n<\/p>\n<p><strong>Impressum<\/strong><\/p>\n<p>Angaben gem\u00e4\u00df \u00a7 5 TMG<\/p>\n<p>Elke Maria PfeifferE.M. Pfeiffer ImmobilienAn der Kr\u00e4henheide 713505 Berlin<\/p>\n<p><strong>Kontakt<\/strong><\/p>\n<p>Telefon: +49307721691E-Mail: info@em-pfeiffer.de<\/p>\n<p><strong>Gewerbeanmeldung<\/strong><\/p>\n<p>Die Gewerbeanmeldung nach \u00a7 34c Abs.1 GewO GewO wurde am 13.02.2003 durch BA Berlin-Reinickendorf erteilt.<\/p>\n<p><strong>Aufsichtsbeh\u00f6rde<\/strong><\/p>\n<p>13437 Berlin Reinickendorf, Eichborndamm 215Bezirksamt Reinickendorf, Eichborndamm 215, 13437 Berlin<\/p>\n<p><a href=\"http:\/\/www.berlin.de\/ba-reinickendorf\/\" target=\"_blank\" style=\"outline: currentcolor none medium;\" rel=\"noopener\">http:\/\/www.berlin.de\/ba-reinickendorf\/<\/a><\/p>\n<p><strong>Berufsbezeichnung und berufsrechtliche Regelungen<\/strong><\/p>\n<p>Berufsbezeichnung:Immobilienmakler<\/p>\n<p>Zust\u00e4ndige Kammer:BA Reinickendorf von Berlin, Eichborndamm 215, 13437 Berlin<\/p>\n<p>Verliehen in:Berlin<\/p>\n<p>Es gelten folgende berufsrechtliche Regelungen:<\/p>\n<p><strong>EU-Streitschlichtung<\/strong><\/p>\n<p>Die Europ\u00e4ische Kommission stellt eine Plattform zur Online-Streitbeilegung (OS) bereit: <a href=\"https:\/\/ec.europa.eu\/consumers\/odr\/\" target=\"_blank\" rel=\"noopener\">https:\/\/ec.europa.eu\/consumers\/odr\/<\/a>.Unsere E-Mail-Adresse finden Sie oben im Impressum.<\/p>\n<p><strong>Verbraucher\u00adstreit\u00adbeilegung\/Universal\u00adschlichtungs\u00adstelle<\/strong><\/p>\n<p>Wir nehmen an einem Streitbeilegungsverfahren vor einer Verbraucherschlichtungsstelle teil. Zust\u00e4ndig ist die Universalschlichtungsstelle des Zentrums f\u00fcr Schlichtung e.V., Stra\u00dfburger Stra\u00dfe 8, 77694 Kehl am Rhein (<a href=\"https:\/\/www.verbraucher-schlichter.de\" target=\"_blank\" rel=\"noopener\">https:\/\/www.verbraucher-schlichter.de<\/a>).<\/p>\n<h2 style=\"text-align: center; text-shadow: rgba(0, 0, 0, 0.55) 2px 2px 2px;\">Sie m\u00f6chten Ihre Immobilie verkaufen?<\/h2>\n<p style=\"text-align: center; color: rgb(116, 120, 120) !important; --tcb-applied-color:rgb(116, 120, 120)  !important;\">E.M Pfeiffer Immobilien<\/p>\n<p style=\"\">An der Kr\u00e4henheide 7<\/p>\n<p style=\"\">13505 Berlin<\/p>\n<p style=\"\">Tel.: 030 7721691&nbsp; &nbsp; &nbsp; &nbsp; &nbsp; &nbsp; &nbsp; &nbsp; &nbsp; &nbsp; &nbsp; &nbsp; &nbsp; &nbsp; &nbsp; &nbsp; &nbsp; &nbsp; &nbsp; &nbsp; &nbsp; &nbsp; &nbsp; &nbsp; &nbsp; &nbsp;Mobil: 0176 47327500&nbsp;<\/p>\n<p style=\"\">info@em-pfeiffer.de<\/p>\n<p style=\"\">Inhaberin: Diplom Finanzwirtin Elke<\/p>\n<p style=\"\">Maria &nbsp;Pfeiffer<\/p>\n<p style=\"color: rgb(255, 255, 255) !important; --tcb-applied-color:rgb(255, 255, 255)  !important;\">\u00a9 2022 E.M Pfeiffer Immobilien<\/p>\n<p style=\"\"><a href=\"https:\/\/em-pfeiffer.de\/home\/datenschutz\">Datenschutz <\/a>| <a href=\"https:\/\/em-pfeiffer.de\/home\/impressum\">Impressum<\/a> | Cookie-Einstellung&nbsp;<\/p>\n","protected":false},"excerpt":{"rendered":"<p>Home | Immowelt-Angebote | Angebote | Datenschutz | Impressum\u200b Cookie-Einstellung Impressum Impressum Angaben gem\u00e4\u00df \u00a7 5 TMG Elke Maria PfeifferE.M. Pfeiffer ImmobilienAn der Kr\u00e4henheide 713505 Berlin Kontakt Telefon: +49307721691E-Mail: info@em-pfeiffer.de Gewerbeanmeldung Die Gewerbeanmeldung nach \u00a7 34c Abs.1 GewO GewO wurde am 13.02.2003 durch BA Berlin-Reinickendorf erteilt. Aufsichtsbeh\u00f6rde 13437 Berlin Reinickendorf, Eichborndamm 215Bezirksamt Reinickendorf, Eichborndamm 215, [&hellip;]<\/p>\n","protected":false},"author":1,"featured_media":0,"parent":0,"menu_order":0,"comment_status":"closed","ping_status":"closed","template":"","meta":[],"yoast_head":"<!-- This site is optimized with the Yoast SEO plugin v19.4 - https:\/\/yoast.com\/wordpress\/plugins\/seo\/ -->\n<title>Impressum - EM-Pfeiffer Immobilien<\/title>\n<meta name=\"robots\" content=\"index, follow, max-snippet:-1, max-image-preview:large, max-video-preview:-1\" \/>\n<link rel=\"canonical\" href=\"https:\/\/em-pfeiffer.de\/home\/impressum\" \/>\n<meta property=\"og:locale\" content=\"de_DE\" \/>\n<meta property=\"og:type\" content=\"article\" \/>\n<meta property=\"og:title\" content=\"Impressum - EM-Pfeiffer Immobilien\" \/>\n<meta property=\"og:description\" content=\"Home | Immowelt-Angebote | Angebote | Datenschutz | Impressum\u200b Cookie-Einstellung Impressum Impressum Angaben gem\u00e4\u00df \u00a7 5 TMG Elke Maria PfeifferE.M. Pfeiffer ImmobilienAn der Kr\u00e4henheide 713505 Berlin Kontakt Telefon: +49307721691E-Mail: info@em-pfeiffer.de Gewerbeanmeldung Die Gewerbeanmeldung nach \u00a7 34c Abs.1 GewO GewO wurde am 13.02.2003 durch BA Berlin-Reinickendorf erteilt. Aufsichtsbeh\u00f6rde 13437 Berlin Reinickendorf, Eichborndamm 215Bezirksamt Reinickendorf, Eichborndamm 215, [&hellip;]\" \/>\n<meta property=\"og:url\" content=\"https:\/\/em-pfeiffer.de\/home\/impressum\" \/>\n<meta property=\"og:site_name\" content=\"EM-Pfeiffer Immobilien\" \/>\n<meta property=\"article:modified_time\" content=\"2022-08-11T08:02:32+00:00\" \/>\n<meta property=\"og:image\" content=\"https:\/\/em-pfeiffer.de\/wp-content\/uploads\/2020\/10\/Bildschirmfoto-2020-09-25-um-08.40.37-3.png\" \/>\n<meta name=\"twitter:card\" content=\"summary_large_image\" \/>\n<meta name=\"twitter:label1\" content=\"Gesch\u00e4tzte Lesezeit\" \/>\n\t<meta name=\"twitter:data1\" content=\"1\u00a0Minute\" \/>\n<script type=\"application\/ld+json\" class=\"yoast-schema-graph\">{\"@context\":\"https:\/\/schema.org\",\"@graph\":[{\"@type\":\"WebSite\",\"@id\":\"https:\/\/em-pfeiffer.de\/home\/#website\",\"url\":\"https:\/\/em-pfeiffer.de\/home\/\",\"name\":\"EM-Pfeiffer Immobilien\",\"description\":\"Ihre kompetente Immobilienmaklerin im Raum Berlin\",\"potentialAction\":[{\"@type\":\"SearchAction\",\"target\":{\"@type\":\"EntryPoint\",\"urlTemplate\":\"https:\/\/em-pfeiffer.de\/home\/?s={search_term_string}\"},\"query-input\":\"required name=search_term_string\"}],\"inLanguage\":\"de\"},{\"@type\":\"WebPage\",\"@id\":\"https:\/\/em-pfeiffer.de\/home\/impressum\",\"url\":\"https:\/\/em-pfeiffer.de\/home\/impressum\",\"name\":\"Impressum - EM-Pfeiffer Immobilien\",\"isPartOf\":{\"@id\":\"https:\/\/em-pfeiffer.de\/home\/#website\"},\"datePublished\":\"2020-10-30T13:27:21+00:00\",\"dateModified\":\"2022-08-11T08:02:32+00:00\",\"breadcrumb\":{\"@id\":\"https:\/\/em-pfeiffer.de\/home\/impressum#breadcrumb\"},\"inLanguage\":\"de\",\"potentialAction\":[{\"@type\":\"ReadAction\",\"target\":[\"https:\/\/em-pfeiffer.de\/home\/impressum\"]}]},{\"@type\":\"BreadcrumbList\",\"@id\":\"https:\/\/em-pfeiffer.de\/home\/impressum#breadcrumb\",\"itemListElement\":[{\"@type\":\"ListItem\",\"position\":1,\"name\":\"Startseite\",\"item\":\"https:\/\/em-pfeiffer.de\/home\/\"},{\"@type\":\"ListItem\",\"position\":2,\"name\":\"Impressum\"}]}]}<\/script>\n<!-- \/ Yoast SEO plugin. -->","yoast_head_json":{"title":"Impressum - EM-Pfeiffer Immobilien","robots":{"index":"index","follow":"follow","max-snippet":"max-snippet:-1","max-image-preview":"max-image-preview:large","max-video-preview":"max-video-preview:-1"},"canonical":"https:\/\/em-pfeiffer.de\/home\/impressum","og_locale":"de_DE","og_type":"article","og_title":"Impressum - EM-Pfeiffer Immobilien","og_description":"Home | Immowelt-Angebote | Angebote | Datenschutz | Impressum\u200b Cookie-Einstellung Impressum Impressum Angaben gem\u00e4\u00df \u00a7 5 TMG Elke Maria PfeifferE.M. Pfeiffer ImmobilienAn der Kr\u00e4henheide 713505 Berlin Kontakt Telefon: +49307721691E-Mail: info@em-pfeiffer.de Gewerbeanmeldung Die Gewerbeanmeldung nach \u00a7 34c Abs.1 GewO GewO wurde am 13.02.2003 durch BA Berlin-Reinickendorf erteilt. Aufsichtsbeh\u00f6rde 13437 Berlin Reinickendorf, Eichborndamm 215Bezirksamt Reinickendorf, Eichborndamm 215, [&hellip;]","og_url":"https:\/\/em-pfeiffer.de\/home\/impressum","og_site_name":"EM-Pfeiffer Immobilien","article_modified_time":"2022-08-11T08:02:32+00:00","og_image":[{"url":"https:\/\/em-pfeiffer.de\/wp-content\/uploads\/2020\/10\/Bildschirmfoto-2020-09-25-um-08.40.37-3.png"}],"twitter_card":"summary_large_image","twitter_misc":{"Gesch\u00e4tzte Lesezeit":"1\u00a0Minute"},"schema":{"@context":"https:\/\/schema.org","@graph":[{"@type":"WebSite","@id":"https:\/\/em-pfeiffer.de\/home\/#website","url":"https:\/\/em-pfeiffer.de\/home\/","name":"EM-Pfeiffer Immobilien","description":"Ihre kompetente Immobilienmaklerin im Raum Berlin","potentialAction":[{"@type":"SearchAction","target":{"@type":"EntryPoint","urlTemplate":"https:\/\/em-pfeiffer.de\/home\/?s={search_term_string}"},"query-input":"required name=search_term_string"}],"inLanguage":"de"},{"@type":"WebPage","@id":"https:\/\/em-pfeiffer.de\/home\/impressum","url":"https:\/\/em-pfeiffer.de\/home\/impressum","name":"Impressum - EM-Pfeiffer Immobilien","isPartOf":{"@id":"https:\/\/em-pfeiffer.de\/home\/#website"},"datePublished":"2020-10-30T13:27:21+00:00","dateModified":"2022-08-11T08:02:32+00:00","breadcrumb":{"@id":"https:\/\/em-pfeiffer.de\/home\/impressum#breadcrumb"},"inLanguage":"de","potentialAction":[{"@type":"ReadAction","target":["https:\/\/em-pfeiffer.de\/home\/impressum"]}]},{"@type":"BreadcrumbList","@id":"https:\/\/em-pfeiffer.de\/home\/impressum#breadcrumb","itemListElement":[{"@type":"ListItem","position":1,"name":"Startseite","item":"https:\/\/em-pfeiffer.de\/home\/"},{"@type":"ListItem","position":2,"name":"Impressum"}]}]}},"_links":{"self":[{"href":"https:\/\/em-pfeiffer.de\/home\/wp-json\/wp\/v2\/pages\/65"}],"collection":[{"href":"https:\/\/em-pfeiffer.de\/home\/wp-json\/wp\/v2\/pages"}],"about":[{"href":"https:\/\/em-pfeiffer.de\/home\/wp-json\/wp\/v2\/types\/page"}],"author":[{"embeddable":true,"href":"https:\/\/em-pfeiffer.de\/home\/wp-json\/wp\/v2\/users\/1"}],"replies":[{"embeddable":true,"href":"https:\/\/em-pfeiffer.de\/home\/wp-json\/wp\/v2\/comments?post=65"}],"version-history":[{"count":19,"href":"https:\/\/em-pfeiffer.de\/home\/wp-json\/wp\/v2\/pages\/65\/revisions"}],"predecessor-version":[{"id":372,"href":"https:\/\/em-pfeiffer.de\/home\/wp-json\/wp\/v2\/pages\/65\/revisions\/372"}],"wp:attachment":[{"href":"https:\/\/em-pfeiffer.de\/home\/wp-json\/wp\/v2\/media?parent=65"}],"curies":[{"name":"wp","href":"https:\/\/api.w.org\/{rel}","templated":true}]}}